{"id":873,"date":"2023-07-24T18:29:35","date_gmt":"2023-07-25T04:29:35","guid":{"rendered":"https:\/\/fenualockers.com\/?post_type=product&#038;p=873"},"modified":"2024-07-02T00:22:49","modified_gmt":"2024-07-02T10:22:49","slug":"bronze","status":"publish","type":"product","link":"https:\/\/fenualockers.com\/fr\/produit\/bronze\/","title":{"rendered":"Bronze : D\u00e9couverte"},"content":{"rendered":"<p>&nbsp;<\/p>\n<ul>\n<li>Description courte de l&#8217;activit\u00e9 (jusqu&#8217;\u00e0 100 mots)<\/li>\n<li>2 images pour illustrer l&#8217;activit\u00e9<\/li>\n<li>Coordonn\u00e9es du prestataire<\/li>\n<li>Mise en avant al\u00e9atoire dans la cat\u00e9gorie pertinente<\/li>\n<li>Prix : 19,99\u20ac pour 1 mois<\/li>\n<\/ul>","protected":false},"excerpt":{"rendered":"<p>&nbsp; Description courte de l&#8217;activit\u00e9 (jusqu&#8217;\u00e0 100 mots) 2 images pour illustrer l&#8217;activit\u00e9 Coordonn\u00e9es du prestataire Mise en avant al\u00e9atoire dans la cat\u00e9gorie pertinente Prix : 19,99\u20ac pour 1 mois<\/p>","protected":false},"featured_media":0,"comment_status":"open","ping_status":"closed","template":"","meta":[],"product_brand":[],"product_cat":[92],"product_tag":[],"class_list":{"0":"post-873","1":"product","2":"type-product","3":"status-publish","5":"product_cat-listeo-package","7":"first","8":"instock","9":"virtual","10":"sold-individually","11":"purchasable","12":"product-type-listing_package"},"aioseo_notices":[],"_links":{"self":[{"href":"https:\/\/fenualockers.com\/fr\/wp-json\/wp\/v2\/product\/873","targetHints":{"allow":["GET"]}}],"collection":[{"href":"https:\/\/fenualockers.com\/fr\/wp-json\/wp\/v2\/product"}],"about":[{"href":"https:\/\/fenualockers.com\/fr\/wp-json\/wp\/v2\/types\/product"}],"replies":[{"embeddable":true,"href":"https:\/\/fenualockers.com\/fr\/wp-json\/wp\/v2\/comments?post=873"}],"wp:attachment":[{"href":"https:\/\/fenualockers.com\/fr\/wp-json\/wp\/v2\/media?parent=873"}],"wp:term":[{"taxonomy":"product_brand","embeddable":true,"href":"https:\/\/fenualockers.com\/fr\/wp-json\/wp\/v2\/product_brand?post=873"},{"taxonomy":"product_cat","embeddable":true,"href":"https:\/\/fenualockers.com\/fr\/wp-json\/wp\/v2\/product_cat?post=873"},{"taxonomy":"product_tag","embeddable":true,"href":"https:\/\/fenualockers.com\/fr\/wp-json\/wp\/v2\/product_tag?post=873"}],"curies":[{"name":"wp","href":"https:\/\/api.w.org\/{rel}","templated":true}]}}