{"id":870,"date":"2023-07-24T16:19:05","date_gmt":"2023-07-25T02:19:05","guid":{"rendered":"https:\/\/fenualockers.com\/?post_type=product&#038;p=870"},"modified":"2024-07-02T00:22:49","modified_gmt":"2024-07-02T10:22:49","slug":"gold","status":"publish","type":"product","link":"https:\/\/fenualockers.com\/fr\/produit\/gold\/","title":{"rendered":"Or : Excellence Premium"},"content":{"rendered":"<p>&nbsp;<\/p>\n<ul>\n<li>Description d\u00e9taill\u00e9e de l&#8217;activit\u00e9 (jusqu&#8217;\u00e0 500 mots)<\/li>\n<li>Jusqu&#8217;\u00e0 10 images de haute qualit\u00e9 pour pr\u00e9senter l&#8217;activit\u00e9<\/li>\n<li>Coordonn\u00e9es du prestataire<\/li>\n<li>Mise en avant al\u00e9atoire dans la cat\u00e9gorie pertinente<\/li>\n<li>Mise en avant dans la section &#8220;Activit\u00e9s recommand\u00e9es&#8221;<\/li>\n<li>Mise en avant en haut de la page d&#8217;accueil<\/li>\n<li>Liens vers vos r\u00e9seaux sociaux<\/li>\n<li>Avantages suppl\u00e9mentaires : Article de blog pr\u00e9sentant l&#8217;activit\u00e9 du prestataire sur fenualockers.com<\/li>\n<li>Prix : 79,99\u20ac par mois (factur\u00e9 en un paiement de 319,96\u20ac pour les 4 mois)<\/li>\n<\/ul>","protected":false},"excerpt":{"rendered":"<p>&nbsp; Description d\u00e9taill\u00e9e de l&#8217;activit\u00e9 (jusqu&#8217;\u00e0 500 mots) Jusqu&#8217;\u00e0 10 images de haute qualit\u00e9 pour pr\u00e9senter l&#8217;activit\u00e9 Coordonn\u00e9es du prestataire Mise en avant al\u00e9atoire dans la cat\u00e9gorie pertinente Mise en avant dans la section &#8220;Activit\u00e9s recommand\u00e9es&#8221; Mise en avant en haut de la page d&#8217;accueil Liens vers vos r\u00e9seaux sociaux Avantages suppl\u00e9mentaires : Article de [&hellip;]<\/p>\n","protected":false},"featured_media":0,"comment_status":"open","ping_status":"closed","template":"","meta":[],"product_brand":[],"product_cat":[92],"product_tag":[],"class_list":{"0":"post-870","1":"product","2":"type-product","3":"status-publish","5":"product_cat-listeo-package","7":"first","8":"instock","9":"virtual","10":"sold-individually","11":"purchasable","12":"product-type-listing_package"},"aioseo_notices":[],"_links":{"self":[{"href":"https:\/\/fenualockers.com\/fr\/wp-json\/wp\/v2\/product\/870","targetHints":{"allow":["GET"]}}],"collection":[{"href":"https:\/\/fenualockers.com\/fr\/wp-json\/wp\/v2\/product"}],"about":[{"href":"https:\/\/fenualockers.com\/fr\/wp-json\/wp\/v2\/types\/product"}],"replies":[{"embeddable":true,"href":"https:\/\/fenualockers.com\/fr\/wp-json\/wp\/v2\/comments?post=870"}],"wp:attachment":[{"href":"https:\/\/fenualockers.com\/fr\/wp-json\/wp\/v2\/media?parent=870"}],"wp:term":[{"taxonomy":"product_brand","embeddable":true,"href":"https:\/\/fenualockers.com\/fr\/wp-json\/wp\/v2\/product_brand?post=870"},{"taxonomy":"product_cat","embeddable":true,"href":"https:\/\/fenualockers.com\/fr\/wp-json\/wp\/v2\/product_cat?post=870"},{"taxonomy":"product_tag","embeddable":true,"href":"https:\/\/fenualockers.com\/fr\/wp-json\/wp\/v2\/product_tag?post=870"}],"curies":[{"name":"wp","href":"https:\/\/api.w.org\/{rel}","templated":true}]}}