{"id":74,"date":"2021-09-17T10:38:45","date_gmt":"2021-09-17T10:38:45","guid":{"rendered":"https:\/\/wordpress-722045-2402992.cloudwaysapps.com\/?page_id=315"},"modified":"2021-09-17T10:38:45","modified_gmt":"2021-09-17T10:38:45","slug":"pricing-tables","status":"publish","type":"page","link":"https:\/\/fenualockers.com\/fr\/pricing-tables\/","title":{"rendered":"Pricing Tables"},"content":{"rendered":"<div class=\"pricing-container margin-top-30\">\r\n\r\n                    <div class=\"plan\">\r\n                \r\n                <div class=\"plan-price\">\r\n\r\n                    <h3>Bronze : D\u00e9couverte<\/h3>\r\n                    <span class=\"value\"> <span class=\"woocommerce-Price-amount amount\"><bdi>39.99<span class=\"woocommerce-Price-currencySymbol\">&euro;<\/span><\/bdi><\/span><\/span>\r\n                    <span class=\"period\"><\/span>\r\n                <\/div>\r\n\r\n                <div class=\"plan-features\">\r\n                    <ul class=\"plan-features-auto-wc\">\r\n                                                    <li>\r\n                                This plan includes 1 listing                             <\/li>\r\n                                                    <li>\r\n                                Listings are visible for 30 days                            <\/li>\r\n                                                                            \r\n\r\n                                                            <li>\r\n                                    Reviews Module enabled                                <\/li>\r\n                            \r\n                            \r\n                                                            <li>\r\n                                    Opening Hours Module enabled                                <\/li>\r\n                            \r\n                                                            <li>\r\n                                    Video option enabled                                <\/li>\r\n                            \r\n                            \r\n                                                                                        <li>\r\n                                    Gallery Module enabled                                <\/li>\r\n                                                                                        <li>\r\n                                    Maximum  2 images in gallery                                <\/li>\r\n                                                    \r\n                    <\/ul>\r\n                    &nbsp;\r\n<ul>\r\n \t<li>Description courte de l'activit\u00e9 (jusqu'\u00e0 100 mots)<\/li>\r\n \t<li>2 images pour illustrer l'activit\u00e9<\/li>\r\n \t<li>Coordonn\u00e9es du prestataire<\/li>\r\n \t<li>Mise en avant al\u00e9atoire dans la cat\u00e9gorie pertinente<\/li>\r\n \t<li>Prix : 19,99\u20ac pour 1 mois<\/li>\r\n<\/ul>                    <a href=\"\/fr\/wp-json\/wp\/v2\/pages\/74?add-to-cart=873\" class=\"button\"><i class=\"fa fa-shopping-cart\"><\/i> Add Listing<\/a>\r\n\r\n\r\n                <\/div>\r\n\r\n            <\/div>\r\n\r\n                    <div class=\"plan\">\r\n                \r\n                <div class=\"plan-price\">\r\n\r\n                    <h3>Argent : Visibilit\u00e9 Plus<\/h3>\r\n                    <span class=\"value\"> <del aria-hidden=\"true\"><span class=\"woocommerce-Price-amount amount\"><bdi>129.98<span class=\"woocommerce-Price-currencySymbol\">&euro;<\/span><\/bdi><\/span><\/del> <span class=\"screen-reader-text\" data-no-translation=\"\" data-trp-gettext=\"\">Le prix initial \u00e9tait\u00a0: 129.98&euro;.<\/span><ins aria-hidden=\"true\"><span class=\"woocommerce-Price-amount amount\"><bdi>89.98<span class=\"woocommerce-Price-currencySymbol\">&euro;<\/span><\/bdi><\/span><\/ins><span class=\"screen-reader-text\" data-no-translation=\"\" data-trp-gettext=\"\">Le prix actuel est\u00a0: 89.98&euro;.<\/span><\/span>\r\n                    <span class=\"period\"><\/span>\r\n                <\/div>\r\n\r\n                <div class=\"plan-features\">\r\n                    <ul class=\"plan-features-auto-wc\">\r\n                                                    <li>\r\n                                This plan includes 3 listings                             <\/li>\r\n                                                    <li>\r\n                                Listings are visible for 60 days                            <\/li>\r\n                                                                            \r\n\r\n                                                            <li>\r\n                                    Reviews Module enabled                                <\/li>\r\n                            \r\n                                                            <li>\r\n                                    Social Links Module enabled                                <\/li>\r\n                            \r\n                                                            <li>\r\n                                    Opening Hours Module enabled                                <\/li>\r\n                            \r\n                                                            <li>\r\n                                    Video option enabled                                <\/li>\r\n                            \r\n                            \r\n                                                                                        <li>\r\n                                    Gallery Module enabled                                <\/li>\r\n                                                                                        <li>\r\n                                    Maximum  5 images in gallery                                <\/li>\r\n                                                    \r\n                    <\/ul>\r\n                    &nbsp;\r\n<ul>\r\n \t<li>Description d\u00e9taill\u00e9e de l'activit\u00e9 (jusqu'\u00e0 250 mots)<\/li>\r\n \t<li>5 images de haute qualit\u00e9 pour pr\u00e9senter l'activit\u00e9<\/li>\r\n \t<li>Coordonn\u00e9es du prestataire<\/li>\r\n \t<li>Mise en avant al\u00e9atoire dans la cat\u00e9gorie pertinente<\/li>\r\n \t<li>Mise en avant dans la section \"Activit\u00e9s recommand\u00e9es\"<\/li>\r\n \t<li>Liens vers vos r\u00e9seaux sociaux<\/li>\r\n \t<li>Prix : 44,99\u20ac par mois (factur\u00e9 en un paiement de 89,98\u20ac pour les 2 mois)<\/li>\r\n<\/ul>                    <a href=\"\/fr\/wp-json\/wp\/v2\/pages\/74?add-to-cart=872\" class=\"button\"><i class=\"fa fa-shopping-cart\"><\/i> Add Listing<\/a>\r\n\r\n\r\n                <\/div>\r\n\r\n            <\/div>\r\n\r\n                    <div class=\"plan\">\r\n                \r\n                <div class=\"plan-price\">\r\n\r\n                    <h3>Or : Excellence Premium<\/h3>\r\n                    <span class=\"value\"> <span class=\"woocommerce-Price-amount amount\"><bdi>399.96<span class=\"woocommerce-Price-currencySymbol\">&euro;<\/span><\/bdi><\/span><\/span>\r\n                    <span class=\"period\"><\/span>\r\n                <\/div>\r\n\r\n                <div class=\"plan-features\">\r\n                    <ul class=\"plan-features-auto-wc\">\r\n                                                    <li>\r\n                                This plan includes 5 listings                             <\/li>\r\n                                                    <li>\r\n                                Listings are visible for 120 days                            <\/li>\r\n                                                                            \r\n\r\n                                                            <li>\r\n                                    Reviews Module enabled                                <\/li>\r\n                            \r\n                                                            <li>\r\n                                    Social Links Module enabled                                <\/li>\r\n                            \r\n                                                            <li>\r\n                                    Opening Hours Module enabled                                <\/li>\r\n                            \r\n                                                            <li>\r\n                                    Video option enabled                                <\/li>\r\n                            \r\n                                                            <li>\r\n                                    Coupons option enabled                                <\/li>\r\n                            \r\n                                                                                        <li>\r\n                                    Gallery Module enabled                                <\/li>\r\n                                                                                        <li>\r\n                                    Maximum  10 images in gallery                                <\/li>\r\n                                                    \r\n                    <\/ul>\r\n                    &nbsp;\r\n<ul>\r\n \t<li>Description d\u00e9taill\u00e9e de l'activit\u00e9 (jusqu'\u00e0 500 mots)<\/li>\r\n \t<li>Jusqu'\u00e0 10 images de haute qualit\u00e9 pour pr\u00e9senter l'activit\u00e9<\/li>\r\n \t<li>Coordonn\u00e9es du prestataire<\/li>\r\n \t<li>Mise en avant al\u00e9atoire dans la cat\u00e9gorie pertinente<\/li>\r\n \t<li>Mise en avant dans la section \"Activit\u00e9s recommand\u00e9es\"<\/li>\r\n \t<li>Mise en avant en haut de la page d'accueil<\/li>\r\n \t<li>Liens vers vos r\u00e9seaux sociaux<\/li>\r\n \t<li>Avantages suppl\u00e9mentaires : Article de blog pr\u00e9sentant l'activit\u00e9 du prestataire sur fenualockers.com<\/li>\r\n \t<li>Prix : 79,99\u20ac par mois (factur\u00e9 en un paiement de 319,96\u20ac pour les 4 mois)<\/li>\r\n<\/ul>                    <a href=\"\/fr\/wp-json\/wp\/v2\/pages\/74?add-to-cart=870\" class=\"button\"><i class=\"fa fa-shopping-cart\"><\/i> Add Listing<\/a>\r\n\r\n\r\n                <\/div>\r\n\r\n            <\/div>\r\n\r\n            <\/div>","protected":false},"excerpt":{"rendered":"","protected":false},"author":1,"featured_media":0,"parent":0,"menu_order":0,"comment_status":"closed","ping_status":"closed","template":"","meta":{"footnotes":""},"class_list":["post-74","page","type-page","status-publish","hentry"],"aioseo_notices":[],"_links":{"self":[{"href":"https:\/\/fenualockers.com\/fr\/wp-json\/wp\/v2\/pages\/74","targetHints":{"allow":["GET"]}}],"collection":[{"href":"https:\/\/fenualockers.com\/fr\/wp-json\/wp\/v2\/pages"}],"about":[{"href":"https:\/\/fenualockers.com\/fr\/wp-json\/wp\/v2\/types\/page"}],"author":[{"embeddable":true,"href":"https:\/\/fenualockers.com\/fr\/wp-json\/wp\/v2\/users\/1"}],"replies":[{"embeddable":true,"href":"https:\/\/fenualockers.com\/fr\/wp-json\/wp\/v2\/comments?post=74"}],"version-history":[{"count":0,"href":"https:\/\/fenualockers.com\/fr\/wp-json\/wp\/v2\/pages\/74\/revisions"}],"wp:attachment":[{"href":"https:\/\/fenualockers.com\/fr\/wp-json\/wp\/v2\/media?parent=74"}],"curies":[{"name":"wp","href":"https:\/\/api.w.org\/{rel}","templated":true}]}}